{"id":97,"date":"2021-08-26T20:50:31","date_gmt":"2021-08-26T23:50:31","guid":{"rendered":"https:\/\/marmolesrootstone.com\/wordpress\/?page_id=97"},"modified":"2022-06-21T17:06:13","modified_gmt":"2022-06-21T20:06:13","slug":"nosotros","status":"publish","type":"page","link":"https:\/\/marmolesrootstone.com\/wordpress\/index.php\/nosotros\/","title":{"rendered":"NOSOTROS"},"content":{"rendered":"<p>A PRINCIPIOS DE LOS 60 COMENZAMOS NUESTRA ACTIVIDAD EN EL MUNDO DE LOS M\u00c1RMOLES Y GRANITOS EN UN PEQUE\u00d1O TALLER\u00a0 EN ESPA\u00d1A.<\/p>\n<p>CON EL CORRER DE LOS A\u00d1OS AVANZAMOS TOMANDO FUERZA EN EL SECTOR, CONVIRTI\u00c9NDONOS EN REFERENTES ABSOLUTOS.<\/p>\n<p>UNA EXTENSA VARIEDAD DE MATERIALES Y COLORES SATISFACEN LAS NECESIDADES DE TODOS NUESTROS CLIENTES; PROFESIONALES DEL DISE\u00d1O, EMPRESAS CONSTRUCTORAS Y PARTICULARES. CONTAMOS CON LA INFRAESTRUCTURA NECESARIA PARA LLEVAR ADELANTE OBRAS DE PEQUE\u00d1O, MEDIANO Y GRAN PORTE, OFRECIENDO PRODUCTOS A PRECIOS MUY COMPETITIVOS, BUSCANDO SIEMPRE FIDELIZAR EL MERCADO.<\/p>\n<p>ROOTSTONE HA LOGRADO FORMAR UNA BASE S\u00d3LIDA Y CONSISTENTE SITU\u00c1NDOSE HOY ENTRE LAS MEJORES Y M\u00c1S EFICIENTES EMPRESAS DEL RUBRO, ABARCANDO DESDE LAS M\u00c1S EXIGENTES SOLICITUDES HASTA LAS OBRAS MAS SIMPLES EN PLAZOS REALMENTE CONVENIENTES.<\/p>\n<p>NUESTRO CAT\u00c1LOGO CUENTA CON M\u00c1RMOLES Y GRANITOS DE DISTINTOS ORIGENES JUNTO A TODA LA L\u00cdNEA DE COMPACTOS DE CUARZO TOPZSTONE DE GRUPO GUIDONI, PRESTIGIOSA COMPA\u00d1\u00cdA ESPA\u00d1OLA \u2013 BRASILERA CON LA QUE HEMOS CONSOLIDADO UNA FUERTE ALIANZA COMERCIAL, REPRESENTANDO Y DISTRIBUYENDO EN EXCLUSIVIDAD SUS PRODUCTOS EN EL MERCADO LOCAL.<\/p>\n\n\n<p><\/p>\n","protected":false},"excerpt":{"rendered":"<p>A PRINCIPIOS DE LOS 60 COMENZAMOS NUESTRA ACTIVIDAD EN EL MUNDO DE LOS M\u00c1RMOLES Y GRANITOS EN UN PEQUE\u00d1O TALLER\u00a0 EN ESPA\u00d1A. CON EL CORRER DE LOS A\u00d1OS AVANZAMOS TOMANDO FUERZA EN EL SECTOR, CONVIRTI\u00c9NDONOS EN REFERENTES ABSOLUTOS. UNA EXTENSA VARIEDAD DE MATERIALES Y COLORES SATISFACEN LAS NECESIDADES DE TODOS NUESTROS CLIENTES; PROFESIONALES DEL DISE\u00d1O,&hellip;<\/p>\n","protected":false},"author":1,"featured_media":0,"parent":0,"menu_order":0,"comment_status":"closed","ping_status":"closed","template":"","meta":{"footnotes":""},"class_list":["post-97","page","type-page","status-publish","hentry","entry","no-media"],"_links":{"self":[{"href":"https:\/\/marmolesrootstone.com\/wordpress\/index.php\/wp-json\/wp\/v2\/pages\/97","targetHints":{"allow":["GET"]}}],"collection":[{"href":"https:\/\/marmolesrootstone.com\/wordpress\/index.php\/wp-json\/wp\/v2\/pages"}],"about":[{"href":"https:\/\/marmolesrootstone.com\/wordpress\/index.php\/wp-json\/wp\/v2\/types\/page"}],"author":[{"embeddable":true,"href":"https:\/\/marmolesrootstone.com\/wordpress\/index.php\/wp-json\/wp\/v2\/users\/1"}],"replies":[{"embeddable":true,"href":"https:\/\/marmolesrootstone.com\/wordpress\/index.php\/wp-json\/wp\/v2\/comments?post=97"}],"version-history":[{"count":4,"href":"https:\/\/marmolesrootstone.com\/wordpress\/index.php\/wp-json\/wp\/v2\/pages\/97\/revisions"}],"predecessor-version":[{"id":682,"href":"https:\/\/marmolesrootstone.com\/wordpress\/index.php\/wp-json\/wp\/v2\/pages\/97\/revisions\/682"}],"wp:attachment":[{"href":"https:\/\/marmolesrootstone.com\/wordpress\/index.php\/wp-json\/wp\/v2\/media?parent=97"}],"curies":[{"name":"wp","href":"https:\/\/api.w.org\/{rel}","templated":true}]}}